{"id":16,"date":"2025-11-24T08:13:26","date_gmt":"2025-11-24T08:13:26","guid":{"rendered":"https:\/\/tretrehaircare.top\/?page_id=16"},"modified":"2025-11-24T16:24:10","modified_gmt":"2025-11-24T16:24:10","slug":"gioi-thieu","status":"publish","type":"page","link":"https:\/\/tretrehaircare.top\/index.php\/gioi-thieu\/","title":{"rendered":"Gi\u1edbi thi\u1ec7u"},"content":{"rendered":"\n<h2 class=\"wp-block-heading\">\ud83c\udf3f Tr\u1ebb Tre: Th\u01b0\u01a1ng Hi\u1ec7u M\u1ef9 Ph\u1ea9m Thi\u00ean Nhi\u00ean Vi\u1ec7t \u2013 L\u1ed1i S\u1ed1ng Xanh Cho M\u00e1i T\u00f3c Vi\u1ec7t<\/h2>\n\n\n\n<p>Tr\u1ebb Tre l\u00e0 m\u1ed9t d\u1ef1 \u00e1n kh\u1edfi nghi\u1ec7p \u0111\u01b0\u1ee3c h\u00ecnh th\u00e0nh v\u1edbi \u0111\u1ecbnh h\u01b0\u1edbng x\u00e2y d\u1ef1ng m\u1ed9t th\u01b0\u01a1ng hi\u1ec7u ph\u00e2n ph\u1ed1i m\u1ef9 ph\u1ea9m thi\u00ean nhi\u00ean \u0111\u00e1ng tin c\u1eady, t\u1eadp trung v\u00e0o d\u00f2ng s\u1ea3n ph\u1ea9m ch\u0103m s\u00f3c t\u00f3c c\u00f3 ngu\u1ed3n g\u1ed1c t\u1eeb thi\u00ean nhi\u00ean<sup><\/sup><sup><\/sup><sup><\/sup><sup><\/sup>. Ch\u00fang t\u00f4i ho\u1ea1t \u0111\u1ed9ng v\u1edbi s\u1ee9 m\u1ec7nh mang \u0111\u1ebfn cho kh\u00e1ch h\u00e0ng nh\u1eefng s\u1ea3n ph\u1ea9m ho\u00e0n to\u00e0n an to\u00e0n, l\u00e0nh t\u00ednh, \u0111\u1ed3ng h\u00e0nh c\u00f9ng ph\u1ee5 n\u1eef Vi\u1ec7t trong h\u00e0nh tr\u00ecnh nu\u00f4i d\u01b0\u1ee1ng m\u1ed9t m\u00e1i t\u00f3c \u0111\u1eb9p v\u00e0 m\u1ed9t l\u1ed1i s\u1ed1ng l\u00e0nh m\u1ea1nh<sup><\/sup>.<\/p>\n\n\n\n<p>Trong b\u1ed1i c\u1ea3nh th\u1ecb tr\u01b0\u1eddng m\u1ef9 ph\u1ea9m Vi\u1ec7t Nam \u0111ang ph\u00e1t tri\u1ec3n m\u1ea1nh m\u1ebd v\u00e0 xu h\u01b0\u1edbng ti\u00eau d\u00f9ng xanh ng\u00e0y c\u00e0ng n\u1ed5i b\u1eadt <sup><\/sup><sup><\/sup><sup><\/sup><sup><\/sup>, Tr\u1ebb Tre \u0111\u00e3 t\u1eadn d\u1ee5ng l\u1ee3i th\u1ebf c\u1ee7a m\u00f4 h\u00ecnh b\u00e1n l\u1ebb tr\u1ef1c tuy\u1ebfn (E-tailing) v\u00e0 D2C (Direct-to-Consumer) \u0111\u1ec3 ti\u1ebfp c\u1eadn kh\u00e1ch h\u00e0ng m\u1ed9t c\u00e1ch hi\u1ec7u qu\u1ea3<sup><\/sup><sup><\/sup><sup><\/sup><sup><\/sup>.<\/p>\n\n\n\n<figure class=\"wp-block-image size-large is-resized\"><img loading=\"lazy\" decoding=\"async\" width=\"1024\" height=\"576\" src=\"https:\/\/tretrehaircare.top\/wp-content\/uploads\/2025\/11\/image-1-1024x576.png\" alt=\"\" class=\"wp-image-329\" style=\"width:1259px;height:auto\" srcset=\"https:\/\/tretrehaircare.top\/wp-content\/uploads\/2025\/11\/image-1-1024x576.png 1024w, https:\/\/tretrehaircare.top\/wp-content\/uploads\/2025\/11\/image-1-300x169.png 300w, https:\/\/tretrehaircare.top\/wp-content\/uploads\/2025\/11\/image-1-768x432.png 768w, https:\/\/tretrehaircare.top\/wp-content\/uploads\/2025\/11\/image-1-600x338.png 600w, https:\/\/tretrehaircare.top\/wp-content\/uploads\/2025\/11\/image-1.png 1200w\" sizes=\"auto, (max-width: 1024px) 100vw, 1024px\" \/><\/figure>\n\n\n\n<h3 class=\"wp-block-heading\">Gi\u00e1 Tr\u1ecb C\u1ed1t L\u00f5i v\u00e0 S\u1ea3n Ph\u1ea9m Ti\u00eau Bi\u1ec3u<\/h3>\n\n\n\n<p>Tr\u1ebb Tre l\u1ea5y <strong>thi\u00ean nhi\u00ean l\u00e0m g\u1ed1c \u2013 ch\u1ea5t l\u01b0\u1ee3ng l\u00e0m tr\u1ecdng \u2013 ch\u00e2n th\u00e0nh l\u00e0m n\u1ec1n t\u1ea3ng<\/strong><sup><\/sup>. Ch\u00fang t\u00f4i cam k\u1ebft minh b\u1ea1ch v\u1ec1 ngu\u1ed3n g\u1ed1c s\u1ea3n ph\u1ea9m, l\u1ef1a ch\u1ecdn h\u1ee3p t\u00e1c v\u1edbi c\u00e1c nh\u00e0 cung c\u1ea5p \u0111\u1ea1t ti\u00eau chu\u1ea9n, c\u00f3 h\u1ed3 s\u01a1 ph\u00e1p l\u00fd minh b\u1ea1ch<sup><\/sup><sup><\/sup><sup><\/sup><sup><\/sup>.<\/p>\n\n\n\n<ul class=\"wp-block-list\">\n<li><strong>S\u1ea3n ph\u1ea9m ch\u1ee7 l\u1ef1c:<\/strong> Bao g\u1ed3m X\u1ecbt d\u01b0\u1ee1ng t\u00f3c tinh d\u1ea7u b\u01b0\u1edfi (s\u1ea3n ph\u1ea9m ph\u1ec5u) v\u00e0 Combo g\u1ed9i \u2013 x\u1ecbt \u2013 x\u1ea3 (s\u1ea3n ph\u1ea9m l\u1ee3i nhu\u1eadn).<\/li>\n\n\n\n<li><strong>Cam k\u1ebft ch\u1ea5t l\u01b0\u1ee3ng:<\/strong> S\u1ea3n ph\u1ea9m \u0111\u01b0\u1ee3c chi\u1ebft xu\u1ea5t t\u1eeb nguy\u00ean li\u1ec7u thi\u00ean nhi\u00ean t\u1ea1i Vi\u1ec7t Nam nh\u01b0 v\u1ecf b\u01b0\u1edfi B\u1ebfn Tre, s\u1ea3, d\u1eeba , v\u00e0 \u0111\u1ea1t ch\u1ee9ng nh\u1eadn OCOP 3 sao.<\/li>\n<\/ul>\n\n\n\n<h3 class=\"wp-block-heading\">Ph\u01b0\u01a1ng Th\u1ee9c V\u1eadn H\u00e0nh<\/h3>\n\n\n\n<p>Tr\u1ebb Tre ho\u1ea1t \u0111\u1ed9ng m\u1ea1nh m\u1ebd tr\u00ean c\u00e1c n\u1ec1n t\u1ea3ng s\u1ed1, \u0111\u1eb7c bi\u1ec7t l\u00e0 TikTok Shop v\u00e0 Facebook, nh\u1eb1m khai th\u00e1c t\u1ec7p kh\u00e1ch h\u00e0ng n\u1eef trong \u0111\u1ed9 tu\u1ed5i 18-45<sup><\/sup><sup><\/sup><sup><\/sup><sup><\/sup>. Chi\u1ebfn l\u01b0\u1ee3c truy\u1ec1n th\u00f4ng c\u1ee7a ch\u00fang t\u00f4i t\u1eadp trung v\u00e0o vi\u1ec7c x\u00e2y d\u1ef1ng c\u00e2u chuy\u1ec7n th\u01b0\u01a1ng hi\u1ec7u ch\u00e2n th\u00e0nh, s\u1eed d\u1ee5ng n\u1ed9i dung do ng\u01b0\u1eddi d\u00f9ng t\u1ea1o ra (UGC) v\u00e0 livestream t\u01b0\u01a1ng t\u00e1c tr\u1ef1c ti\u1ebfp \u0111\u1ec3 t\u0103ng t\u1ef7 l\u1ec7 chuy\u1ec3n \u0111\u1ed5i v\u00e0 x\u00e2y d\u1ef1ng ni\u1ec1m tin<sup><\/sup><sup><\/sup><sup><\/sup><sup><\/sup>.<\/p>\n\n\n\n<p>M\u1ee5c ti\u00eau c\u1ee7a Tr\u1ebb Tre kh\u00f4ng ch\u1ec9 l\u00e0 \u0111\u1ea1t doanh s\u1ed1 m\u00e0 c\u00f2n l\u00e0 x\u00e2y d\u1ef1ng c\u1ed9ng \u0111\u1ed3ng <sup><\/sup>, lan t\u1ecfa l\u1ed1i s\u1ed1ng xanh <sup><\/sup>, v\u00e0 h\u01b0\u1edbng \u0111\u1ebfn m\u1ed9t m\u00f4 h\u00ecnh kinh doanh b\u1ec1n v\u1eefng trong d\u00e0i h\u1ea1n<sup><\/sup>.<\/p>\n\n\n\n<p><\/p>\n","protected":false},"excerpt":{"rendered":"<p>\ud83c\udf3f Tr\u1ebb Tre: Th\u01b0\u01a1ng Hi\u1ec7u M\u1ef9 Ph\u1ea9m Thi\u00ean Nhi\u00ean Vi\u1ec7t \u2013 L\u1ed1i S\u1ed1ng Xanh Cho M\u00e1i T\u00f3c Vi\u1ec7t Tr\u1ebb Tre l\u00e0 m\u1ed9t d\u1ef1 \u00e1n kh\u1edfi nghi\u1ec7p \u0111\u01b0\u1ee3c h\u00ecnh th\u00e0nh v\u1edbi \u0111\u1ecbnh h\u01b0\u1edbng x\u00e2y d\u1ef1ng m\u1ed9t th\u01b0\u01a1ng hi\u1ec7u ph\u00e2n ph\u1ed1i m\u1ef9 ph\u1ea9m thi\u00ean nhi\u00ean \u0111\u00e1ng tin c\u1eady, t\u1eadp trung v\u00e0o d\u00f2ng s\u1ea3n ph\u1ea9m ch\u0103m s\u00f3c t\u00f3c [&hellip;]<\/p>\n","protected":false},"author":2,"featured_media":0,"parent":0,"menu_order":0,"comment_status":"closed","ping_status":"closed","template":"","meta":{"footnotes":""},"class_list":["post-16","page","type-page","status-publish","hentry"],"_links":{"self":[{"href":"https:\/\/tretrehaircare.top\/index.php\/wp-json\/wp\/v2\/pages\/16","targetHints":{"allow":["GET"]}}],"collection":[{"href":"https:\/\/tretrehaircare.top\/index.php\/wp-json\/wp\/v2\/pages"}],"about":[{"href":"https:\/\/tretrehaircare.top\/index.php\/wp-json\/wp\/v2\/types\/page"}],"author":[{"embeddable":true,"href":"https:\/\/tretrehaircare.top\/index.php\/wp-json\/wp\/v2\/users\/2"}],"replies":[{"embeddable":true,"href":"https:\/\/tretrehaircare.top\/index.php\/wp-json\/wp\/v2\/comments?post=16"}],"version-history":[{"count":4,"href":"https:\/\/tretrehaircare.top\/index.php\/wp-json\/wp\/v2\/pages\/16\/revisions"}],"predecessor-version":[{"id":334,"href":"https:\/\/tretrehaircare.top\/index.php\/wp-json\/wp\/v2\/pages\/16\/revisions\/334"}],"wp:attachment":[{"href":"https:\/\/tretrehaircare.top\/index.php\/wp-json\/wp\/v2\/media?parent=16"}],"curies":[{"name":"wp","href":"https:\/\/api.w.org\/{rel}","templated":true}]}}