{"id":102,"date":"2025-11-24T09:33:57","date_gmt":"2025-11-24T09:33:57","guid":{"rendered":"https:\/\/tretrehaircare.top\/?post_type=product&#038;p=102"},"modified":"2025-11-24T09:39:16","modified_gmt":"2025-11-24T09:39:16","slug":"dau-goi-dau-dua-duong-toc-coconut-cosmetic-500ml","status":"publish","type":"product","link":"https:\/\/tretrehaircare.top\/index.php\/san-pham\/dau-goi-dau-dua-duong-toc-coconut-cosmetic-500ml\/","title":{"rendered":"D\u1ea7u g\u1ed9i d\u1ea7u d\u1eeba d\u01b0\u1ee1ng t\u00f3c Coconut Cosmetic 500ml"},"content":{"rendered":"<h1><b>D\u1ea7u g\u1ed9i d\u1ea7u d\u1eeba d\u01b0\u1ee1ng t\u00f3c Coconut Cosmetic \u2013 M\u1ec1m m\u01b0\u1ee3t, ch\u1eafc kh\u1ecfe<\/b><\/h1>\n<h2><b>1. Gi\u1edbi thi\u1ec7u D\u1ea7u g\u1ed9i d\u1ea7u d\u1eeba d\u01b0\u1ee1ng t\u00f3c Coconut Cosmetic<\/b><\/h2>\n<p><b>D\u1ea7u g\u1ed9i d\u1ea7u d\u1eeba d\u01b0\u1ee1ng t\u00f3c Coconut Cosmetic<\/b><span style=\"font-weight: 400;\"> l\u00e0 l\u1ef1a ch\u1ecdn ho\u00e0n h\u1ea3o cho nh\u1eefng ai \u0111ang t\u00ecm ki\u1ebfm m\u1ed9t s\u1ea3n ph\u1ea9m ch\u0103m s\u00f3c t\u00f3c an to\u00e0n, l\u00e0nh t\u00ednh v\u00e0 mang l\u1ea1i hi\u1ec7u qu\u1ea3 ph\u1ee5c h\u1ed3i v\u01b0\u1ee3t tr\u1ed9i. V\u1edbi chi\u1ebft xu\u1ea5t d\u1ea7u d\u1eeba tinh khi\u1ebft, s\u1ea3n ph\u1ea9m gi\u00fap nu\u00f4i d\u01b0\u1ee1ng m\u00e1i t\u00f3c t\u1eeb s\u00e2u b\u00ean trong, mang \u0111\u1ebfn \u0111\u1ed9 m\u1ec1m m\u01b0\u1ee3t t\u1ef1 nhi\u00ean v\u00e0 s\u1ef1 ch\u1eafc kh\u1ecfe d\u00e0i l\u00e2u.<\/span><\/p>\n<h2><b>2. C\u00f4ng d\u1ee5ng c\u1ee7a D\u1ea7u g\u1ed9i d\u1ea7u d\u1eeba d\u01b0\u1ee1ng t\u00f3c Coconut Cosmetic<\/b><\/h2>\n<ul>\n<li style=\"font-weight: 400;\" aria-level=\"1\"><span style=\"font-weight: 400;\">Tr\u1ecb s\u1ea1ch g\u00e0u v\u00e0 n\u1ea5m da \u0111\u1ea7u<\/span><\/li>\n<li style=\"font-weight: 400;\" aria-level=\"1\"><span style=\"font-weight: 400;\">Gi\u00fap t\u00f3c m\u1ec1m m\u1ecbn, tr\u01a1n b\u00f3ng, \u0111en huy\u1ec1n t\u1ef1 nhi\u00ean<\/span><\/li>\n<li style=\"font-weight: 400;\" aria-level=\"1\"><span style=\"font-weight: 400;\">K\u00edch th\u00edch m\u1ecdc t\u00f3c v\u00e0 nu\u00f4i d\u01b0\u1ee1ng t\u00f3c ch\u1eafc kh\u1ecfe<\/span><\/li>\n<li style=\"font-weight: 400;\" aria-level=\"1\"><span style=\"font-weight: 400;\">Cung c\u1ea5p \u0111\u1ed9 \u1ea9m cao cho m\u00e1i t\u00f3c<\/span><\/li>\n<li style=\"font-weight: 400;\" aria-level=\"1\"><span style=\"font-weight: 400;\">Kh\u1eafc ph\u1ee5c t\u00ecnh tr\u1ea1ng t\u00f3c kh\u00f4 x\u01a1, ch\u1ebb ng\u1ecdn<\/span><\/li>\n<li style=\"font-weight: 400;\" aria-level=\"1\"><span style=\"font-weight: 400;\">Kh\u00f4ng c\u1ea7n s\u1eed d\u1ee5ng d\u1ea7u x\u1ea3<\/span><\/li>\n<\/ul>\n<h2><b>3. C\u00e1ch s\u1eed d\u1ee5ng D\u1ea7u g\u1ed9i d\u1ea7u d\u1eeba d\u01b0\u1ee1ng t\u00f3c Coconut Cosmetic<\/b><\/h2>\n<ul>\n<li style=\"font-weight: 400;\" aria-level=\"1\"><span style=\"font-weight: 400;\">L\u00e0m \u01b0\u1edbt t\u00f3c<\/span><\/li>\n<li style=\"font-weight: 400;\" aria-level=\"1\"><span style=\"font-weight: 400;\">L\u1ea5y l\u01b0\u1ee3ng d\u1ea7u g\u1ed9i v\u1eeba \u0111\u1ee7, t\u1ea1o b\u1ecdt<\/span><\/li>\n<li style=\"font-weight: 400;\" aria-level=\"1\"><span style=\"font-weight: 400;\">Thoa \u0111\u1ec1u v\u00e0 massage nh\u1eb9 nh\u00e0ng 1\u20132 ph\u00fat<\/span><\/li>\n<li style=\"font-weight: 400;\" aria-level=\"1\"><span style=\"font-weight: 400;\">X\u1ea3 s\u1ea1ch v\u1edbi n\u01b0\u1edbc<\/span><\/li>\n<\/ul>\n<h2><b>4. Th\u00e0nh ph\u1ea7n c\u1ee7a D\u1ea7u g\u1ed9i d\u1ea7u d\u1eeba d\u01b0\u1ee1ng t\u00f3c Coconut Cosmetic<\/b><\/h2>\n<p><span style=\"font-weight: 400;\">Distilled Water, Peg 150, Sodium Lauryl Sulfate, Glycol Distearate, Glycerin, NaCl, Coconut Oil, Cocobetain, Peg 40, White Rose, Polyquaternium-10, EHGP.<\/span><\/p>\n<h2><b>5. Dung t\u00edch v\u00e0 b\u1ea3o qu\u1ea3n D\u1ea7u g\u1ed9i d\u1ea7u d\u1eeba d\u01b0\u1ee1ng t\u00f3c Coconut Cosmetic<\/b><\/h2>\n<ul>\n<li style=\"font-weight: 400;\" aria-level=\"1\"><span style=\"font-weight: 400;\">Dung t\u00edch: 500 ml<\/span><\/li>\n<li style=\"font-weight: 400;\" aria-level=\"1\"><span style=\"font-weight: 400;\">B\u1ea3o qu\u1ea3n n\u01a1i kh\u00f4 tho\u00e1ng, tr\u00e1nh \u00e1nh n\u1eafng tr\u1ef1c ti\u1ebfp<\/span><\/li>\n<\/ul>\n<h2><b>6. V\u00ec sao n\u00ean ch\u1ecdn D\u1ea7u g\u1ed9i d\u1ea7u d\u1eeba d\u01b0\u1ee1ng t\u00f3c Coconut Cosmetic t\u1ea1i Tr\u1ebb Tre<\/b><\/h2>\n<ul>\n<li style=\"font-weight: 400;\" aria-level=\"1\"><span style=\"font-weight: 400;\">H\u00e0ng ch\u00ednh h\u00e3ng Coconut Cosmetic<\/span><\/li>\n<li style=\"font-weight: 400;\" aria-level=\"1\"><span style=\"font-weight: 400;\">C\u00f3 \u0111\u1ea7y \u0111\u1ee7 h\u00f3a \u0111\u01a1n v\u00e0 ch\u1ee9ng t\u1eeb<\/span><\/li>\n<li style=\"font-weight: 400;\" aria-level=\"1\"><span style=\"font-weight: 400;\">C\u00f3 b\u1ea3ng ki\u1ec3m tra ch\u1ea5t l\u01b0\u1ee3ng r\u00f5 r\u00e0ng<\/span><\/li>\n<li style=\"font-weight: 400;\" aria-level=\"1\"><span style=\"font-weight: 400;\">T\u01b0 v\u1ea5n t\u1eadn t\u00e2m \u2013 h\u1ed7 tr\u1ee3 su\u1ed1t qu\u00e1 tr\u00ecnh d\u00f9ng s\u1ea3n ph\u1ea9m<\/span><\/li>\n<\/ul>\n<h2><b>7. Th\u00f4ng tin li\u00ean h\u1ec7 Tr\u1ebb Tre<\/b><\/h2>\n<p><span style=\"font-weight: 400;\">\ud83d\udccc Fanpage:<\/span><a href=\"https:\/\/www.facebook.com\/Tretre.Fanpage\" target=\"_blank\" rel=\"noopener\"> <span style=\"font-weight: 400;\">https:\/\/www.facebook.com\/Tretre.Fanpage<\/span><span style=\"font-weight: 400;\"><br \/>\n<\/span><\/a><span style=\"font-weight: 400;\"> \ud83d\udccc Tiktok:<\/span><a href=\"https:\/\/www.tiktok.com\/@dechevuongquyentretre\" target=\"_blank\" rel=\"noopener\"> <span style=\"font-weight: 400;\">https:\/\/www.tiktok.com\/@dechevuongquyentretre<\/span><span style=\"font-weight: 400;\"><br \/>\n<\/span><\/a><span style=\"font-weight: 400;\"> \ud83d\udccc Website: <\/span><b>Tretrecarehair.top<\/b><b><br \/>\n<\/b><span style=\"font-weight: 400;\"> \ud83d\udcde Hotline: <\/span><b>0911125371<\/b><\/p>\n<p><span style=\"font-weight: 400;\">\ud83d\udc8c Theo d\u00f5i v\u00e0 inbox ngay \u0111\u1ec3 \u0111\u01b0\u1ee3c t\u01b0 v\u1ea5n &amp; nh\u1eadn \u01b0u \u0111\u00e3i h\u1eddi m\u1ed7i ng\u00e0y!<\/span><\/p>\n<p>&nbsp;<\/p>\n","protected":false},"excerpt":{"rendered":"<p>D\u1ea7u g\u1ed9i d\u1ea7u d\u1eeba d\u01b0\u1ee1ng t\u00f3c Coconut Cosmetic \u2013 M\u1ec1m m\u01b0\u1ee3t, ch\u1eafc kh\u1ecfe 1. Gi\u1edbi thi\u1ec7u D\u1ea7u g\u1ed9i d\u1ea7u d\u1eeba d\u01b0\u1ee1ng t\u00f3c Coconut Cosmetic D\u1ea7u g\u1ed9i d\u1ea7u d\u1eeba d\u01b0\u1ee1ng t\u00f3c Coconut Cosmetic l\u00e0 l\u1ef1a ch\u1ecdn ho\u00e0n h\u1ea3o cho nh\u1eefng ai \u0111ang t\u00ecm ki\u1ebfm m\u1ed9t s\u1ea3n ph\u1ea9m ch\u0103m s\u00f3c t\u00f3c an to\u00e0n, l\u00e0nh t\u00ednh v\u00e0 mang [&hellip;]<\/p>\n","protected":false},"featured_media":105,"comment_status":"open","ping_status":"closed","template":"","meta":[],"product_brand":[],"product_cat":[18],"product_tag":[],"class_list":{"0":"post-102","1":"product","2":"type-product","3":"status-publish","4":"has-post-thumbnail","6":"product_cat-chua-phan-loai","8":"first","9":"instock","10":"sale","11":"shipping-taxable","12":"purchasable","13":"product-type-simple"},"_links":{"self":[{"href":"https:\/\/tretrehaircare.top\/index.php\/wp-json\/wp\/v2\/product\/102","targetHints":{"allow":["GET"]}}],"collection":[{"href":"https:\/\/tretrehaircare.top\/index.php\/wp-json\/wp\/v2\/product"}],"about":[{"href":"https:\/\/tretrehaircare.top\/index.php\/wp-json\/wp\/v2\/types\/product"}],"replies":[{"embeddable":true,"href":"https:\/\/tretrehaircare.top\/index.php\/wp-json\/wp\/v2\/comments?post=102"}],"wp:featuredmedia":[{"embeddable":true,"href":"https:\/\/tretrehaircare.top\/index.php\/wp-json\/wp\/v2\/media\/105"}],"wp:attachment":[{"href":"https:\/\/tretrehaircare.top\/index.php\/wp-json\/wp\/v2\/media?parent=102"}],"wp:term":[{"taxonomy":"product_brand","embeddable":true,"href":"https:\/\/tretrehaircare.top\/index.php\/wp-json\/wp\/v2\/product_brand?post=102"},{"taxonomy":"product_cat","embeddable":true,"href":"https:\/\/tretrehaircare.top\/index.php\/wp-json\/wp\/v2\/product_cat?post=102"},{"taxonomy":"product_tag","embeddable":true,"href":"https:\/\/tretrehaircare.top\/index.php\/wp-json\/wp\/v2\/product_tag?post=102"}],"curies":[{"name":"wp","href":"https:\/\/api.w.org\/{rel}","templated":true}]}}