{"id":112,"date":"2025-11-24T09:37:15","date_gmt":"2025-11-24T09:37:15","guid":{"rendered":"https:\/\/tretrehaircare.top\/?post_type=product&#038;p=112"},"modified":"2025-11-24T09:45:14","modified_gmt":"2025-11-24T09:45:14","slug":"dau-xa-dua-duong-toc-coconut-cosmetic-500ml","status":"publish","type":"product","link":"https:\/\/tretrehaircare.top\/index.php\/san-pham\/dau-xa-dua-duong-toc-coconut-cosmetic-500ml\/","title":{"rendered":"D\u1ea7u x\u1ea3 d\u1eeba d\u01b0\u1ee1ng t\u00f3c Coconut Cosmetic &#8211; 500ml"},"content":{"rendered":"<h1><b>D\u1ea7u x\u1ea3 d\u1eeba d\u01b0\u1ee1ng t\u00f3c Coconut Cosmetic \u2013 Ph\u1ee5c h\u1ed3i h\u01b0 t\u1ed5n, v\u00e0o n\u1ebfp t\u1ef1 nhi\u00ean<\/b><\/h1>\n<h2><b>1. Gi\u1edbi thi\u1ec7u v\u1ec1 d\u1ea7u x\u1ea3 d\u1eeba d\u01b0\u1ee1ng t\u00f3c Coconut Cosmetic<\/b><\/h2>\n<p><span style=\"font-weight: 400;\">D\u1ea7u x\u1ea3 d\u1eeba d\u01b0\u1ee1ng t\u00f3c Coconut Cosmetic l\u00e0 gi\u1ea3i ph\u00e1p ch\u0103m s\u00f3c t\u00f3c chuy\u00ean s\u00e2u d\u00e0nh cho t\u00f3c kh\u00f4 x\u01a1, g\u00e3y r\u1ee5ng v\u00e0 thi\u1ebfu s\u1ee9c s\u1ed1ng. V\u1edbi c\u00f4ng th\u1ee9c k\u1ebft h\u1ee3p d\u01b0\u1ee1ng ch\u1ea5t t\u1ef1 nhi\u00ean v\u00e0 ho\u1ea1t ch\u1ea5t ph\u1ee5c h\u1ed3i hi\u1ec7n \u0111\u1ea1i, s\u1ea3n ph\u1ea9m gi\u00fap nu\u00f4i d\u01b0\u1ee1ng m\u00e1i t\u00f3c t\u1eeb g\u1ed1c \u0111\u1ebfn ng\u1ecdn, cho m\u00e1i t\u00f3c m\u1ec1m m\u01b0\u1ee3t, b\u00f3ng kh\u1ecfe v\u00e0 v\u00e0o n\u1ebfp t\u1ef1 nhi\u00ean ch\u1ec9 sau m\u1ed9t th\u1eddi gian ng\u1eafn s\u1eed d\u1ee5ng.<\/span><\/p>\n<ol start=\"2\">\n<li><b> L\u1ee3i \u00edch c\u1ee7a d\u1ea7u x\u1ea3 d\u1eeba d\u01b0\u1ee1ng t\u00f3c Coconut Cosmetic<\/b><\/li>\n<\/ol>\n<h3><b>Ph\u1ee5c h\u1ed3i t\u00f3c h\u01b0 t\u1ed5n to\u00e0n di\u1ec7n<\/b><\/h3>\n<p><span style=\"font-weight: 400;\">C\u00f4ng th\u1ee9c d\u01b0\u1ee1ng \u1ea9m m\u1ea1nh m\u1ebd gi\u00fap ph\u1ee5c h\u1ed3i t\u00f3c kh\u00f4 x\u01a1, ch\u1ebb ng\u1ecdn v\u00e0 m\u1ea5t s\u1ee9c s\u1ed1ng.<\/span><\/p>\n<h3><b>Gi\u1ea3m g\u00e3y r\u1ee5ng r\u00f5 r\u1ec7t<\/b><\/h3>\n<p><span style=\"font-weight: 400;\">S\u1eed d\u1ee5ng \u0111\u1ec1u \u0111\u1eb7n gi\u00fap c\u1ea3i thi\u1ec7n nang t\u00f3c, gi\u1ea3m g\u00e3y r\u1ee5ng ch\u1ec9 sau 2\u20134 tu\u1ea7n.<\/span><\/p>\n<h3><b>Nu\u00f4i d\u01b0\u1ee1ng m\u1ec1m m\u01b0\u1ee3t v\u00e0 d\u1ec5 ch\u1ea3i<\/b><\/h3>\n<p><span style=\"font-weight: 400;\">S\u1ea3n ph\u1ea9m gi\u00fap t\u00f3c gi\u1ea3m r\u1ed1i, d\u1ec5 ch\u1ea3i v\u00e0 v\u00e0o n\u1ebfp t\u1ef1 nhi\u00ean su\u1ed1t c\u1ea3 ng\u00e0y.<\/span><\/p>\n<h3><b>T\u0103ng \u0111\u1ed9 b\u00f3ng kh\u1ecfe<\/b><\/h3>\n<p><span style=\"font-weight: 400;\">Ho\u1ea1t ch\u1ea5t d\u01b0\u1ee1ng b\u00f3ng gi\u00fap t\u00f3c m\u1ec1m m\u1ea1i, \u00f3ng \u1ea3 qua t\u1eebng l\u1ea7n g\u1ed9i.<\/span><\/p>\n<ol start=\"3\">\n<li><b> Th\u00e0nh ph\u1ea7n t\u1ef1 nhi\u00ean an to\u00e0n<\/b><\/li>\n<\/ol>\n<p><span style=\"font-weight: 400;\">D\u1ea7u x\u1ea3 Coconut Cosmetic ch\u1ee9a c\u00e1c d\u01b0\u1ee1ng ch\u1ea5t n\u1ed5i b\u1eadt:<\/span><\/p>\n<ul>\n<li style=\"font-weight: 400;\" aria-level=\"1\"><span style=\"font-weight: 400;\">D\u1ea7u d\u1eeba (Coconut Oil) \u2013 c\u1ea5p \u1ea9m m\u1ea1nh, l\u00e0m m\u1ec1m t\u00f3c, gi\u1ea3m x\u01a1 r\u1ed1i<\/span><\/li>\n<li style=\"font-weight: 400;\" aria-level=\"1\"><span style=\"font-weight: 400;\">Glycerin \u2013 gi\u1eef n\u01b0\u1edbc, t\u0103ng \u0111\u1ed9 m\u1ec1m m\u01b0\u1ee3t<\/span><\/li>\n<li style=\"font-weight: 400;\" aria-level=\"1\"><span style=\"font-weight: 400;\">Cetrimonium Chloride, Behentrimonium Chloride, Trimoniuim Chloride \u2013 h\u1ed7 tr\u1ee3 t\u00f3c v\u00e0o n\u1ebfp, gi\u1ea3m r\u1ed1i<\/span><\/li>\n<li style=\"font-weight: 400;\" aria-level=\"1\"><span style=\"font-weight: 400;\">Cyclopentasiloxane, Dimethiconol \u2013 b\u1ea3o v\u1ec7 t\u00f3c kh\u1ecfi nhi\u1ec7t, t\u0103ng \u0111\u1ed9 b\u00f3ng<\/span><\/li>\n<li style=\"font-weight: 400;\" aria-level=\"1\"><span style=\"font-weight: 400;\">Chi\u1ebft xu\u1ea5t hoa h\u1ed3ng tr\u1eafng \u2013 d\u01b0\u1ee1ng nh\u1eb9, mang l\u1ea1i h\u01b0\u01a1ng th\u01a1m d\u1ec5 ch\u1ecbu<\/span><\/li>\n<li style=\"font-weight: 400;\" aria-level=\"1\"><span style=\"font-weight: 400;\">Alcohol b\u00e9o (Cetyl Alcohol, Stearyl Alcohol) \u2013 gi\u00fap t\u00f3c m\u01b0\u1ee3t m\u00e0 nh\u01b0ng kh\u00f4ng g\u00e2y kh\u00f4<\/span><\/li>\n<li style=\"font-weight: 400;\" aria-level=\"1\"><span style=\"font-weight: 400;\">Phenoxyethanol \u2013 ch\u1ea5t b\u1ea3o qu\u1ea3n an to\u00e0n<\/span><\/li>\n<\/ul>\n<p><b>Th\u00e0nh ph\u1ea7n \u0111\u1ea7y \u0111\u1ee7:<\/b><b><br \/>\n<\/b><span style=\"font-weight: 400;\"> Distilled water, Cetyl Alcohol, Stearyl Alcohol, Glycerin, Trimonium Chloride, Behentrimonium Chloride, Castoryl Malteate, Cetrimonium Chloride, Dimethiconol, Cyclopentasiloxane, Phenoxyethanol, White Rose Extract, Polyquaternium-73, Coconut Oil.<\/span><\/p>\n<ol start=\"4\">\n<li><b> C\u00f4ng d\u1ee5ng n\u1ed5i b\u1eadt<\/b><\/li>\n<\/ol>\n<p><b>C\u00f4ng d\u1ee5ng v\u01b0\u1ee3t tr\u1ed9i c\u1ee7a d\u1ea7u x\u1ea3 d\u1eeba d\u01b0\u1ee1ng t\u00f3c Coconut Cosmetic mang l\u1ea1i kh\u1ea3 n\u0103ng ph\u1ee5c h\u1ed3i v\u00e0 nu\u00f4i d\u01b0\u1ee1ng t\u00f3c r\u00f5 r\u1ec7t.<\/b><\/p>\n<ul>\n<li style=\"font-weight: 400;\" aria-level=\"1\"><span style=\"font-weight: 400;\">Ph\u1ee5c h\u1ed3i t\u00f3c h\u01b0 t\u1ed5n, \u0111\u1eb7c bi\u1ec7t l\u00e0 t\u00f3c kh\u00f4 x\u01a1, ch\u1ebb ng\u1ecdn<\/span><\/li>\n<li style=\"font-weight: 400;\" aria-level=\"1\"><span style=\"font-weight: 400;\">Gi\u1ea3m g\u00e3y r\u1ee5ng r\u00f5 r\u1ec7t<\/span><\/li>\n<li style=\"font-weight: 400;\" aria-level=\"1\"><span style=\"font-weight: 400;\">L\u00e0m m\u1ec1m t\u00f3c, gi\u1ea3m x\u01a1 r\u1ed1i, gi\u00fap t\u00f3c v\u00e0o n\u1ebfp nhanh<\/span><\/li>\n<li style=\"font-weight: 400;\" aria-level=\"1\"><span style=\"font-weight: 400;\">B\u1ed5 sung d\u01b0\u1ee1ng ch\u1ea5t thi\u1ebft y\u1ebfu, t\u00e1i c\u1ea5u tr\u00fac t\u1eebng s\u1ee3i t\u00f3c<\/span><\/li>\n<li style=\"font-weight: 400;\" aria-level=\"1\"><span style=\"font-weight: 400;\">T\u0103ng \u0111\u1ed9 b\u00f3ng kh\u1ecfe t\u1ef1 nhi\u00ean<\/span><\/li>\n<li style=\"font-weight: 400;\" aria-level=\"1\"><span style=\"font-weight: 400;\">B\u1ea3o v\u1ec7 t\u00f3c kh\u1ecfi n\u1eafng n\u00f3ng, h\u00f3a ch\u1ea5t, nhi\u1ec7t \u0111\u1ed9 cao t\u1eeb m\u00e1y s\u1ea5y \u2013 m\u00e1y t\u1ea1o ki\u1ec3u<\/span><\/li>\n<\/ul>\n<ol start=\"5\">\n<li><b> H\u01b0\u1edbng d\u1eabn s\u1eed d\u1ee5ng<\/b><\/li>\n<\/ol>\n<p><b>\u0110\u1ec3 \u0111\u1ea1t hi\u1ec7u qu\u1ea3 d\u01b0\u1ee1ng t\u00f3c t\u1ed1t nh\u1ea5t, h\u00e3y s\u1eed d\u1ee5ng d\u1ea7u x\u1ea3 \u0111\u00fang c\u00e1ch:<\/b><\/p>\n<ul>\n<li style=\"font-weight: 400;\" aria-level=\"1\"><span style=\"font-weight: 400;\">G\u1ed9i s\u1ea1ch t\u00f3c b\u1eb1ng d\u1ea7u g\u1ed9i<\/span><\/li>\n<li style=\"font-weight: 400;\" aria-level=\"1\"><span style=\"font-weight: 400;\">L\u1ea5y l\u01b0\u1ee3ng d\u1ea7u x\u1ea3 v\u1eeba \u0111\u1ee7 v\u00e0o l\u00f2ng b\u00e0n tay<\/span><\/li>\n<li style=\"font-weight: 400;\" aria-level=\"1\"><span style=\"font-weight: 400;\">Thoa \u0111\u1ec1u l\u00ean th\u00e2n t\u00f3c v\u00e0 ng\u1ecdn t\u00f3c (kh\u00f4ng b\u00f4i v\u00e0o da \u0111\u1ea7u)<\/span><\/li>\n<li style=\"font-weight: 400;\" aria-level=\"1\"><span style=\"font-weight: 400;\">Massage nh\u1eb9 nh\u00e0ng 2\u20133 ph\u00fat<\/span><\/li>\n<li style=\"font-weight: 400;\" aria-level=\"1\"><span style=\"font-weight: 400;\">X\u1ea3 s\u1ea1ch l\u1ea1i b\u1eb1ng n\u01b0\u1edbc<\/span><\/li>\n<li style=\"font-weight: 400;\" aria-level=\"1\"><span style=\"font-weight: 400;\">K\u1ebft h\u1ee3p d\u1ea7u g\u1ed9i ph\u1ee5c h\u1ed3i Coconut Cosmetic \u0111\u1ec3 t\u0103ng hi\u1ec7u qu\u1ea3<\/span><\/li>\n<\/ul>\n<ol start=\"6\">\n<li><b> \u0110\u1ed1i t\u01b0\u1ee3ng ph\u00f9 h\u1ee3p<\/b><\/li>\n<\/ol>\n<p><b>D\u1ea7u x\u1ea3 d\u1eeba d\u01b0\u1ee1ng t\u00f3c Coconut Cosmetic ph\u00f9 h\u1ee3p v\u1edbi:<\/b><\/p>\n<ul>\n<li style=\"font-weight: 400;\" aria-level=\"1\"><span style=\"font-weight: 400;\">T\u00f3c kh\u00f4 x\u01a1, h\u01b0 t\u1ed5n n\u1eb7ng<\/span><\/li>\n<li style=\"font-weight: 400;\" aria-level=\"1\"><span style=\"font-weight: 400;\">T\u00f3c g\u00e3y r\u1ee5ng, thi\u1ebfu s\u1ee9c s\u1ed1ng<\/span><\/li>\n<li style=\"font-weight: 400;\" aria-level=\"1\"><span style=\"font-weight: 400;\">T\u00f3c b\u1ecb h\u01b0 t\u1ed5n do u\u1ed1n \u2013 du\u1ed7i \u2013 nhu\u1ed9m<\/span><\/li>\n<li style=\"font-weight: 400;\" aria-level=\"1\"><span style=\"font-weight: 400;\">Ng\u01b0\u1eddi mu\u1ed1n t\u00f3c m\u1ec1m m\u01b0\u1ee3t, d\u1ec5 ch\u1ea3i v\u00e0 v\u00e0o n\u1ebfp t\u1ef1 nhi\u00ean<\/span><\/li>\n<li style=\"font-weight: 400;\" aria-level=\"1\"><span style=\"font-weight: 400;\">T\u00f3c th\u01b0\u1eddng xuy\u00ean ti\u1ebfp x\u00fac nhi\u1ec7t \u0111\u1ed9 cao (m\u00e1y s\u1ea5y, m\u00e1y k\u1eb9p, m\u00e1y u\u1ed1n)<\/span><\/li>\n<\/ul>\n<ol start=\"7\">\n<li><b> V\u00ec sao n\u00ean ch\u1ecdn d\u1ea7u x\u1ea3 Coconut Cosmetic t\u1ea1i Tr\u1ebb Tre?<\/b><\/li>\n<\/ol>\n<p><b>S\u1ea3n ph\u1ea9m t\u1ea1i Tr\u1ebb Tre \u0111\u01b0\u1ee3c kh\u00e1ch h\u00e0ng tin ch\u1ecdn nh\u1edd nh\u1eefng \u01b0u \u0111i\u1ec3m v\u01b0\u1ee3t tr\u1ed9i sau:<\/b><\/p>\n<ul>\n<li style=\"font-weight: 400;\" aria-level=\"1\"><span style=\"font-weight: 400;\">S\u1ea3n ph\u1ea9m <\/span><b>ch\u00ednh h\u00e3ng<\/b><span style=\"font-weight: 400;\">, nh\u1eadp tr\u1ef1c ti\u1ebfp t\u1eeb Coconut Cosmetic<\/span><\/li>\n<li style=\"font-weight: 400;\" aria-level=\"1\"><span style=\"font-weight: 400;\">C\u00f3 <\/span><b>\u0111\u1ea7y \u0111\u1ee7 h\u00f3a \u0111\u01a1n, ch\u1ee9ng t\u1eeb<\/b><span style=\"font-weight: 400;\"> khi mua h\u00e0ng<\/span><\/li>\n<li style=\"font-weight: 400;\" aria-level=\"1\"><span style=\"font-weight: 400;\">\u0110\u00ednh k\u00e8m <\/span><b>b\u1ea3ng ki\u1ec3m tra ch\u1ea5t l\u01b0\u1ee3ng s\u1ea3n ph\u1ea9m<\/b><span style=\"font-weight: 400;\"> minh b\u1ea1ch<\/span><\/li>\n<li style=\"font-weight: 400;\" aria-level=\"1\"><span style=\"font-weight: 400;\">Th\u00e0nh ph\u1ea7n an to\u00e0n, l\u00e0nh t\u00ednh cho m\u00e1i t\u00f3c<\/span><\/li>\n<li style=\"font-weight: 400;\" aria-level=\"1\"><span style=\"font-weight: 400;\">Hi\u1ec7u qu\u1ea3 ph\u1ee5c h\u1ed3i nhanh, ph\u00f9 h\u1ee3p cho t\u00f3c h\u01b0 t\u1ed5n n\u1eb7ng<\/span><\/li>\n<li style=\"font-weight: 400;\" aria-level=\"1\"><span style=\"font-weight: 400;\">H\u01b0\u01a1ng th\u01a1m d\u1ec5 ch\u1ecbu, kh\u00f4ng g\u00e2y b\u1ebft t\u00f3c<\/span><\/li>\n<li style=\"font-weight: 400;\" aria-level=\"1\"><span style=\"font-weight: 400;\">Gi\u00e1 th\u00e0nh h\u1ee3p l\u00fd \u2013 ch\u1ea5t l\u01b0\u1ee3ng v\u01b0\u1ee3t mong \u0111\u1ee3i<\/span><\/li>\n<li style=\"font-weight: 400;\" aria-level=\"1\"><span style=\"font-weight: 400;\">Mua t\u1ea1i Tr\u1ebb Tre \u0111\u01b0\u1ee3c h\u1ed7 tr\u1ee3 t\u01b0 v\u1ea5n v\u00e0 ch\u0103m s\u00f3c t\u1eadn t\u00e2m<\/span><\/li>\n<\/ul>\n<p><b>Th\u00f4ng tin li\u00ean h\u1ec7<\/b><\/p>\n<p><span style=\"font-weight: 400;\">\ud83d\udccc Website: <\/span><b>Tretrecarehair.top<\/b><b><br \/>\n<\/b><span style=\"font-weight: 400;\"> \ud83d\udccc Fanpage:<\/span><a href=\"https:\/\/www.facebook.com\/Tretre.Fanpage\" target=\"_blank\" rel=\"noopener\"> <span style=\"font-weight: 400;\">https:\/\/www.facebook.com\/Tretre.Fanpage<\/span><span style=\"font-weight: 400;\"><br \/>\n<\/span><\/a><span style=\"font-weight: 400;\"> \ud83d\udccc Tiktok:<\/span><a href=\"https:\/\/www.tiktok.com\/@dechevuongquyentretre\" target=\"_blank\" rel=\"noopener\"> <span style=\"font-weight: 400;\">https:\/\/www.tiktok.com\/@dechevuongquyentretre<\/span><span style=\"font-weight: 400;\"><br \/>\n<\/span><\/a><span style=\"font-weight: 400;\"> \ud83d\udcde S\u1ed1 \u0111i\u1ec7n tho\u1ea1i: <\/span><b>0911125371<\/b><b><br \/>\n<\/b><span style=\"font-weight: 400;\"> \ud83d\udc8c Theo d\u00f5i v\u00e0 Inbox ngay \u0111\u1ec3 \u0111\u01b0\u1ee3c t\u01b0 v\u1ea5n v\u00e0 nh\u1eadn \u01b0u \u0111\u00e3i m\u1ed7i ng\u00e0y!<\/span><\/p>\n","protected":false},"excerpt":{"rendered":"<p>D\u1ea7u x\u1ea3 d\u1eeba d\u01b0\u1ee1ng t\u00f3c Coconut Cosmetic \u2013 Ph\u1ee5c h\u1ed3i h\u01b0 t\u1ed5n, v\u00e0o n\u1ebfp t\u1ef1 nhi\u00ean 1. Gi\u1edbi thi\u1ec7u v\u1ec1 d\u1ea7u x\u1ea3 d\u1eeba d\u01b0\u1ee1ng t\u00f3c Coconut Cosmetic D\u1ea7u x\u1ea3 d\u1eeba d\u01b0\u1ee1ng t\u00f3c Coconut Cosmetic l\u00e0 gi\u1ea3i ph\u00e1p ch\u0103m s\u00f3c t\u00f3c chuy\u00ean s\u00e2u d\u00e0nh cho t\u00f3c kh\u00f4 x\u01a1, g\u00e3y r\u1ee5ng v\u00e0 thi\u1ebfu s\u1ee9c s\u1ed1ng. V\u1edbi c\u00f4ng [&hellip;]<\/p>\n","protected":false},"featured_media":106,"comment_status":"open","ping_status":"closed","template":"","meta":[],"product_brand":[],"product_cat":[19],"product_tag":[],"class_list":{"0":"post-112","1":"product","2":"type-product","3":"status-publish","4":"has-post-thumbnail","6":"product_cat-dau-goi","8":"first","9":"instock","10":"sale","11":"shipping-taxable","12":"purchasable","13":"product-type-simple"},"_links":{"self":[{"href":"https:\/\/tretrehaircare.top\/index.php\/wp-json\/wp\/v2\/product\/112","targetHints":{"allow":["GET"]}}],"collection":[{"href":"https:\/\/tretrehaircare.top\/index.php\/wp-json\/wp\/v2\/product"}],"about":[{"href":"https:\/\/tretrehaircare.top\/index.php\/wp-json\/wp\/v2\/types\/product"}],"replies":[{"embeddable":true,"href":"https:\/\/tretrehaircare.top\/index.php\/wp-json\/wp\/v2\/comments?post=112"}],"wp:featuredmedia":[{"embeddable":true,"href":"https:\/\/tretrehaircare.top\/index.php\/wp-json\/wp\/v2\/media\/106"}],"wp:attachment":[{"href":"https:\/\/tretrehaircare.top\/index.php\/wp-json\/wp\/v2\/media?parent=112"}],"wp:term":[{"taxonomy":"product_brand","embeddable":true,"href":"https:\/\/tretrehaircare.top\/index.php\/wp-json\/wp\/v2\/product_brand?post=112"},{"taxonomy":"product_cat","embeddable":true,"href":"https:\/\/tretrehaircare.top\/index.php\/wp-json\/wp\/v2\/product_cat?post=112"},{"taxonomy":"product_tag","embeddable":true,"href":"https:\/\/tretrehaircare.top\/index.php\/wp-json\/wp\/v2\/product_tag?post=112"}],"curies":[{"name":"wp","href":"https:\/\/api.w.org\/{rel}","templated":true}]}}