{"id":324,"date":"2025-11-24T16:22:03","date_gmt":"2025-11-24T16:22:03","guid":{"rendered":"http:\/\/tretrehaircare.top\/?post_type=product&#038;p=324"},"modified":"2025-11-25T07:20:13","modified_gmt":"2025-11-25T07:20:13","slug":"combo-2-chai-tinh-dau-buoi-kich-thich-moc-toc-coconut-cosmetic","status":"publish","type":"product","link":"https:\/\/tretrehaircare.top\/index.php\/san-pham\/combo-2-chai-tinh-dau-buoi-kich-thich-moc-toc-coconut-cosmetic\/","title":{"rendered":"Combo 2 chai Tinh d\u1ea7u b\u01b0\u1edfi k\u00edch th\u00edch m\u1ecdc t\u00f3c Coconut Cosmetic"},"content":{"rendered":"<div class=\"wp-block-post-excerpt\">\n<p class=\"wp-block-post-excerpt__excerpt\">Tinh d\u1ea7u b\u01b0\u1edfi k\u00edch th\u00edch m\u1ecdc t\u00f3c Coconut Cosmetic \u2013 Ng\u0103n r\u1ee5ng t\u00f3c, m\u1ecdc t\u00f3c nhanh 1. Gi\u1edbi thi\u1ec7u v\u1ec1 tinh d\u1ea7u b\u01b0\u1edfi k\u00edch th\u00edch m\u1ecdc t\u00f3c Coconut Cosmetic Tinh d\u1ea7u b\u01b0\u1edfi k\u00edch th\u00edch m\u1ecdc t\u00f3c Coconut Cosmetic l\u00e0 s\u1ea3n ph\u1ea9m ch\u0103m s\u00f3c t\u00f3c thi\u00ean nhi\u00ean \u0111\u1ebfn t\u1eeb B\u1ebfn Tre, h\u1ed7 tr\u1ee3 nu\u00f4i d\u01b0\u1ee1ng m\u00e1i\u2026<\/p>\n<\/div>\n<div class=\"wp-block-add-to-cart-form wc-block-add-to-cart-form wc-block-add-to-cart-form--input wp-block-woocommerce-add-to-cart-form\" data-block-name=\"woocommerce\/add-to-cart-form\">\n<form class=\"cart\" action=\"https:\/\/tretrehaircare.top\/index.php\/san-pham\/tinh-dau-buoi-kich-thich-moc-toc-coconut-cosmetic-100ml\/\" enctype=\"multipart\/form-data\" method=\"post\">\n<div class=\"quantity\"><\/div>\n<\/form>\n<\/div>\n","protected":false},"excerpt":{"rendered":"<p>Tinh d\u1ea7u b\u01b0\u1edfi k\u00edch th\u00edch m\u1ecdc t\u00f3c Coconut Cosmetic \u2013 Ng\u0103n r\u1ee5ng t\u00f3c, m\u1ecdc t\u00f3c nhanh 1. Gi\u1edbi thi\u1ec7u v\u1ec1 tinh d\u1ea7u b\u01b0\u1edfi k\u00edch th\u00edch m\u1ecdc t\u00f3c Coconut Cosmetic Tinh d\u1ea7u b\u01b0\u1edfi k\u00edch th\u00edch m\u1ecdc t\u00f3c Coconut Cosmetic l\u00e0 s\u1ea3n ph\u1ea9m ch\u0103m s\u00f3c t\u00f3c thi\u00ean nhi\u00ean \u0111\u1ebfn t\u1eeb B\u1ebfn Tre, h\u1ed7 tr\u1ee3 nu\u00f4i d\u01b0\u1ee1ng m\u00e1i\u2026<\/p>\n","protected":false},"featured_media":325,"comment_status":"open","ping_status":"closed","template":"","meta":[],"product_brand":[],"product_cat":[21],"product_tag":[],"class_list":{"0":"post-324","1":"product","2":"type-product","3":"status-publish","4":"has-post-thumbnail","6":"product_cat-xit-toc","8":"first","9":"instock","10":"sale","11":"shipping-taxable","12":"purchasable","13":"product-type-simple"},"_links":{"self":[{"href":"https:\/\/tretrehaircare.top\/index.php\/wp-json\/wp\/v2\/product\/324","targetHints":{"allow":["GET"]}}],"collection":[{"href":"https:\/\/tretrehaircare.top\/index.php\/wp-json\/wp\/v2\/product"}],"about":[{"href":"https:\/\/tretrehaircare.top\/index.php\/wp-json\/wp\/v2\/types\/product"}],"replies":[{"embeddable":true,"href":"https:\/\/tretrehaircare.top\/index.php\/wp-json\/wp\/v2\/comments?post=324"}],"wp:featuredmedia":[{"embeddable":true,"href":"https:\/\/tretrehaircare.top\/index.php\/wp-json\/wp\/v2\/media\/325"}],"wp:attachment":[{"href":"https:\/\/tretrehaircare.top\/index.php\/wp-json\/wp\/v2\/media?parent=324"}],"wp:term":[{"taxonomy":"product_brand","embeddable":true,"href":"https:\/\/tretrehaircare.top\/index.php\/wp-json\/wp\/v2\/product_brand?post=324"},{"taxonomy":"product_cat","embeddable":true,"href":"https:\/\/tretrehaircare.top\/index.php\/wp-json\/wp\/v2\/product_cat?post=324"},{"taxonomy":"product_tag","embeddable":true,"href":"https:\/\/tretrehaircare.top\/index.php\/wp-json\/wp\/v2\/product_tag?post=324"}],"curies":[{"name":"wp","href":"https:\/\/api.w.org\/{rel}","templated":true}]}}