{"id":349,"date":"2025-11-25T07:10:21","date_gmt":"2025-11-25T07:10:21","guid":{"rendered":"https:\/\/tretrehaircare.top\/?post_type=product&#038;p=349"},"modified":"2025-11-25T07:19:09","modified_gmt":"2025-11-25T07:19:09","slug":"combo-goi-xa-chiet-xuat-dau-dua-giai-phap-phuc-hoi-toc-hu-ton-tu-thien-nhien","status":"publish","type":"product","link":"https:\/\/tretrehaircare.top\/index.php\/san-pham\/combo-goi-xa-chiet-xuat-dau-dua-giai-phap-phuc-hoi-toc-hu-ton-tu-thien-nhien\/","title":{"rendered":"Combo G\u1ed9i X\u1ea3 Chi\u1ebft Xu\u1ea5t D\u1ea7u D\u1eeba \u2013 Gi\u1ea3i Ph\u00e1p Ph\u1ee5c H\u1ed3i T\u00f3c H\u01b0 T\u1ed5n T\u1eeb Thi\u00ean Nhi\u00ean"},"content":{"rendered":"<h1 data-start=\"206\" data-end=\"290\"><strong data-start=\"208\" data-end=\"290\">Combo G\u1ed9i X\u1ea3 Chi\u1ebft Xu\u1ea5t D\u1ea7u D\u1eeba \u2013 Gi\u1ea3i Ph\u00e1p Ph\u1ee5c H\u1ed3i T\u00f3c H\u01b0 T\u1ed5n T\u1eeb Thi\u00ean Nhi\u00ean<\/strong><\/h1>\n<h2 data-start=\"292\" data-end=\"347\"><strong data-start=\"295\" data-end=\"347\">1. Gi\u1edbi thi\u1ec7u v\u1ec1 combo g\u1ed9i x\u1ea3 chi\u1ebft xu\u1ea5t d\u1ea7u d\u1eeba<\/strong><\/h2>\n<p data-start=\"348\" data-end=\"639\">Combo g\u1ed9i x\u1ea3 chi\u1ebft xu\u1ea5t d\u1ea7u d\u1eeba \u0111ang tr\u1edf th\u00e0nh l\u1ef1a ch\u1ecdn h\u00e0ng \u0111\u1ea7u c\u1ee7a nh\u1eefng ng\u01b0\u1eddi y\u00eau th\u00edch s\u1ea3n ph\u1ea9m ch\u0103m s\u00f3c t\u00f3c t\u1eeb thi\u00ean nhi\u00ean. Nh\u1edd h\u00e0m l\u01b0\u1ee3ng d\u01b0\u1ee1ng ch\u1ea5t cao v\u00e0 t\u00ednh an to\u00e0n, d\u1ea7u d\u1eeba gi\u00fap nu\u00f4i d\u01b0\u1ee1ng t\u00f3c t\u1eeb ch\u00e2n \u0111\u1ebfn ng\u1ecdn, mang l\u1ea1i m\u00e1i t\u00f3c m\u1ec1m m\u01b0\u1ee3t v\u00e0 ch\u1eafc kh\u1ecfe ch\u1ec9 sau th\u1eddi gian ng\u1eafn s\u1eed d\u1ee5ng.<\/p>\n<p data-start=\"641\" data-end=\"771\">S\u1ea3n ph\u1ea9m ph\u00f9 h\u1ee3p cho m\u1ecdi lo\u1ea1i t\u00f3c, \u0111\u1eb7c bi\u1ec7t l\u00e0 t\u00f3c kh\u00f4 x\u01a1, h\u01b0 t\u1ed5n do \u00e9p \u2013 u\u1ed1n \u2013 nhu\u1ed9m ho\u1eb7c th\u01b0\u1eddng xuy\u00ean ti\u1ebfp x\u00fac v\u1edbi nhi\u1ec7t \u0111\u1ed9 cao.<\/p>\n<hr data-start=\"773\" data-end=\"776\" \/>\n<h2 data-start=\"778\" data-end=\"844\"><strong data-start=\"781\" data-end=\"844\">2. Th\u00e0nh ph\u1ea7n n\u1ed5i b\u1eadt \u2013 T\u1eeb thi\u00ean nhi\u00ean, an to\u00e0n cho m\u00e1i t\u00f3c<\/strong><\/h2>\n<h3 data-start=\"845\" data-end=\"871\"><strong data-start=\"849\" data-end=\"871\">D\u1ea7u d\u1eeba tinh khi\u1ebft<\/strong><\/h3>\n<ul data-start=\"872\" data-end=\"1021\">\n<li data-start=\"872\" data-end=\"927\">\n<p data-start=\"874\" data-end=\"927\">Cung c\u1ea5p vitamin E, axit b\u00e9o v\u00e0 ch\u1ea5t ch\u1ed1ng oxy h\u00f3a.<\/p>\n<\/li>\n<li data-start=\"928\" data-end=\"977\">\n<p data-start=\"930\" data-end=\"977\">Gi\u00fap ph\u1ee5c h\u1ed3i l\u1edbp bi\u1ec3u b\u00ec t\u00f3c, ng\u0103n g\u00e3y r\u1ee5ng.<\/p>\n<\/li>\n<li data-start=\"978\" data-end=\"1021\">\n<p data-start=\"980\" data-end=\"1021\">B\u1ed5 sung \u0111\u1ed9 \u1ea9m t\u1ef1 nhi\u00ean cho t\u00f3c v\u00e0 da \u0111\u1ea7u.<\/p>\n<\/li>\n<\/ul>\n<h3 data-start=\"1023\" data-end=\"1059\"><strong data-start=\"1027\" data-end=\"1059\">Chi\u1ebft xu\u1ea5t th\u1ea3o m\u1ed9c t\u1ef1 nhi\u00ean<\/strong><\/h3>\n<ul data-start=\"1060\" data-end=\"1178\">\n<li data-start=\"1060\" data-end=\"1124\">\n<p data-start=\"1062\" data-end=\"1124\">B\u1ed3 k\u1ebft, tinh d\u1ea7u s\u1ea3 chanh ho\u1eb7c tinh d\u1ea7u b\u01b0\u1edfi (t\u00f9y s\u1ea3n ph\u1ea9m).<\/p>\n<\/li>\n<li data-start=\"1125\" data-end=\"1178\">\n<p data-start=\"1127\" data-end=\"1178\">H\u1ed7 tr\u1ee3 l\u00e0m s\u1ea1ch da \u0111\u1ea7u, gi\u1ea3m d\u1ea7u nh\u1eddn, kh\u00e1ng khu\u1ea9n.<\/p>\n<\/li>\n<\/ul>\n<h3 data-start=\"1180\" data-end=\"1205\"><strong data-start=\"1184\" data-end=\"1205\">Protein d\u01b0\u1ee1ng t\u00f3c<\/strong><\/h3>\n<ul data-start=\"1206\" data-end=\"1285\">\n<li data-start=\"1206\" data-end=\"1242\">\n<p data-start=\"1208\" data-end=\"1242\">Gi\u00fap t\u00f3c b\u00f3ng kh\u1ecfe h\u01a1n m\u1ed7i ng\u00e0y.<\/p>\n<\/li>\n<li data-start=\"1243\" data-end=\"1285\">\n<p data-start=\"1245\" data-end=\"1285\">C\u1ea3i thi\u1ec7n c\u1ea5u tr\u00fac t\u00f3c, t\u0103ng \u0111\u1ed9 \u0111\u00e0n h\u1ed3i.<\/p>\n<\/li>\n<\/ul>\n","protected":false},"excerpt":{"rendered":"<p>Combo G\u1ed9i X\u1ea3 Chi\u1ebft Xu\u1ea5t D\u1ea7u D\u1eeba \u2013 Gi\u1ea3i Ph\u00e1p Ph\u1ee5c H\u1ed3i T\u00f3c H\u01b0 T\u1ed5n T\u1eeb Thi\u00ean Nhi\u00ean 1. Gi\u1edbi thi\u1ec7u v\u1ec1 combo g\u1ed9i x\u1ea3 chi\u1ebft xu\u1ea5t d\u1ea7u d\u1eeba Combo g\u1ed9i x\u1ea3 chi\u1ebft xu\u1ea5t d\u1ea7u d\u1eeba \u0111ang tr\u1edf th\u00e0nh l\u1ef1a ch\u1ecdn h\u00e0ng \u0111\u1ea7u c\u1ee7a nh\u1eefng ng\u01b0\u1eddi y\u00eau th\u00edch s\u1ea3n ph\u1ea9m ch\u0103m s\u00f3c t\u00f3c t\u1eeb thi\u00ean [&hellip;]<\/p>\n","protected":false},"featured_media":107,"comment_status":"open","ping_status":"closed","template":"","meta":[],"product_brand":[],"product_cat":[18],"product_tag":[],"class_list":{"0":"post-349","1":"product","2":"type-product","3":"status-publish","4":"has-post-thumbnail","6":"product_cat-chua-phan-loai","8":"first","9":"instock","10":"sale","11":"shipping-taxable","12":"purchasable","13":"product-type-simple"},"_links":{"self":[{"href":"https:\/\/tretrehaircare.top\/index.php\/wp-json\/wp\/v2\/product\/349","targetHints":{"allow":["GET"]}}],"collection":[{"href":"https:\/\/tretrehaircare.top\/index.php\/wp-json\/wp\/v2\/product"}],"about":[{"href":"https:\/\/tretrehaircare.top\/index.php\/wp-json\/wp\/v2\/types\/product"}],"replies":[{"embeddable":true,"href":"https:\/\/tretrehaircare.top\/index.php\/wp-json\/wp\/v2\/comments?post=349"}],"wp:featuredmedia":[{"embeddable":true,"href":"https:\/\/tretrehaircare.top\/index.php\/wp-json\/wp\/v2\/media\/107"}],"wp:attachment":[{"href":"https:\/\/tretrehaircare.top\/index.php\/wp-json\/wp\/v2\/media?parent=349"}],"wp:term":[{"taxonomy":"product_brand","embeddable":true,"href":"https:\/\/tretrehaircare.top\/index.php\/wp-json\/wp\/v2\/product_brand?post=349"},{"taxonomy":"product_cat","embeddable":true,"href":"https:\/\/tretrehaircare.top\/index.php\/wp-json\/wp\/v2\/product_cat?post=349"},{"taxonomy":"product_tag","embeddable":true,"href":"https:\/\/tretrehaircare.top\/index.php\/wp-json\/wp\/v2\/product_tag?post=349"}],"curies":[{"name":"wp","href":"https:\/\/api.w.org\/{rel}","templated":true}]}}