{"id":352,"date":"2025-11-25T07:14:57","date_gmt":"2025-11-25T07:14:57","guid":{"rendered":"https:\/\/tretrehaircare.top\/?post_type=product&#038;p=352"},"modified":"2025-11-25T07:15:57","modified_gmt":"2025-11-25T07:15:57","slug":"combo-dau-goi-dau-xa-xit-duong-toc-tu-thien-nhien-bo-ba-phuc-hoi-toc-hu-ton-toan-dien","status":"publish","type":"product","link":"https:\/\/tretrehaircare.top\/index.php\/san-pham\/combo-dau-goi-dau-xa-xit-duong-toc-tu-thien-nhien-bo-ba-phuc-hoi-toc-hu-ton-toan-dien\/","title":{"rendered":"Combo D\u1ea7u G\u1ed9i \u2013 D\u1ea7u X\u1ea3 \u2013 X\u1ecbt D\u01b0\u1ee1ng T\u00f3c T\u1eeb Thi\u00ean Nhi\u00ean \u2013 B\u1ed9 Ba Ph\u1ee5c H\u1ed3i T\u00f3c H\u01b0 T\u1ed5n To\u00e0n Di\u1ec7n"},"content":{"rendered":"<h1 data-start=\"193\" data-end=\"290\"><strong data-start=\"195\" data-end=\"290\">Combo D\u1ea7u G\u1ed9i \u2013 D\u1ea7u X\u1ea3 \u2013 X\u1ecbt D\u01b0\u1ee1ng T\u00f3c T\u1eeb Thi\u00ean Nhi\u00ean \u2013 B\u1ed9 Ba Ph\u1ee5c H\u1ed3i T\u00f3c H\u01b0 T\u1ed5n To\u00e0n Di\u1ec7n<\/strong><\/h1>\n<h2 data-start=\"292\" data-end=\"338\"><strong data-start=\"295\" data-end=\"338\">1. Gi\u1edbi thi\u1ec7u combo ch\u0103m s\u00f3c t\u00f3c 3 b\u01b0\u1edbc<\/strong><\/h2>\n<p data-start=\"339\" data-end=\"661\">Combo d\u1ea7u g\u1ed9i \u2013 d\u1ea7u x\u1ea3 \u2013 x\u1ecbt d\u01b0\u1ee1ng l\u00e0 gi\u1ea3i ph\u00e1p ch\u0103m t\u00f3c to\u00e0n di\u1ec7n \u0111\u01b0\u1ee3c nhi\u1ec1u ng\u01b0\u1eddi l\u1ef1a ch\u1ecdn nh\u1edd t\u00ednh an to\u00e0n, hi\u1ec7u qu\u1ea3 v\u00e0 ph\u00f9 h\u1ee3p v\u1edbi m\u1ecdi lo\u1ea1i t\u00f3c. V\u1edbi chi\u1ebft xu\u1ea5t t\u1eeb thi\u00ean nhi\u00ean nh\u01b0 d\u1ea7u d\u1eeba, tinh d\u1ea7u b\u01b0\u1edfi, b\u1ed3 k\u1ebft v\u00e0 th\u1ea3o m\u1ed9c, b\u1ed9 s\u1ea3n ph\u1ea9m gi\u00fap nu\u00f4i d\u01b0\u1ee1ng t\u00f3c t\u1eeb g\u1ed1c \u0111\u1ebfn ng\u1ecdn, ph\u1ee5c h\u1ed3i h\u01b0 t\u1ed5n v\u00e0 t\u0103ng \u0111\u1ed9 ch\u1eafc kh\u1ecfe t\u1ef1 nhi\u00ean.<\/p>\n<p data-start=\"663\" data-end=\"795\">\u0110\u00e2y l\u00e0 combo l\u00fd t\u01b0\u1edfng cho nh\u1eefng ai g\u1eb7p t\u00ecnh tr\u1ea1ng t\u00f3c kh\u00f4 x\u01a1, ch\u1ebb ng\u1ecdn, d\u1ec5 g\u00e3y r\u1ee5ng ho\u1eb7c t\u00f3c y\u1ebfu do u\u1ed1n \u2013 nhu\u1ed9m \u2013 du\u1ed7i th\u01b0\u1eddng xuy\u00ean.<\/p>\n<hr data-start=\"797\" data-end=\"800\" \/>\n<h2 data-start=\"802\" data-end=\"853\"><strong data-start=\"805\" data-end=\"853\">2. Th\u00e0nh ph\u1ea7n n\u1ed5i b\u1eadt \u2013 An to\u00e0n v\u00e0 l\u00e0nh t\u00ednh<\/strong><\/h2>\n<ul data-start=\"854\" data-end=\"1173\">\n<li data-start=\"854\" data-end=\"951\">\n<p data-start=\"856\" data-end=\"951\"><strong data-start=\"856\" data-end=\"879\">D\u1ea7u d\u1eeba tinh khi\u1ebft:<\/strong> Cung c\u1ea5p vitamin E &amp; axit b\u00e9o gi\u00fap d\u01b0\u1ee1ng \u1ea9m s\u00e2u, ph\u1ee5c h\u1ed3i t\u00f3c kh\u00f4 x\u01a1.<\/p>\n<\/li>\n<li data-start=\"952\" data-end=\"1016\">\n<p data-start=\"954\" data-end=\"1016\"><strong data-start=\"954\" data-end=\"972\">Tinh d\u1ea7u b\u01b0\u1edfi:<\/strong> H\u1ed7 tr\u1ee3 k\u00edch th\u00edch m\u1ecdc t\u00f3c, gi\u1ea3m g\u00e3y r\u1ee5ng.<\/p>\n<\/li>\n<li data-start=\"1017\" data-end=\"1100\">\n<p data-start=\"1019\" data-end=\"1100\"><strong data-start=\"1019\" data-end=\"1041\">B\u1ed3 k\u1ebft &amp; th\u1ea3o m\u1ed9c:<\/strong> L\u00e0m s\u1ea1ch d\u1ecbu nh\u1eb9, gi\u1ea3m d\u1ea7u nh\u1eddn v\u00e0 ng\u0103n ng\u1eeba n\u1ea5m da \u0111\u1ea7u.<\/p>\n<\/li>\n<li data-start=\"1101\" data-end=\"1173\">\n<p data-start=\"1103\" data-end=\"1173\"><strong data-start=\"1103\" data-end=\"1124\">Protein th\u1ef1c v\u1eadt:<\/strong> T\u0103ng \u0111\u1ed9 \u0111\u00e0n h\u1ed3i, gi\u00fap t\u00f3c kh\u1ecfe b\u1ec1n t\u1eeb b\u00ean trong.<\/p>\n<\/li>\n<\/ul>\n<p data-start=\"1175\" data-end=\"1276\">T\u1ea5t c\u1ea3 th\u00e0nh ph\u1ea7n \u0111\u1ec1u <strong data-start=\"1197\" data-end=\"1247\">kh\u00f4ng ch\u1ee9a paraben \u2013 sulfate \u2013 silicon \u0111\u1ed9c h\u1ea1i<\/strong>, ph\u00f9 h\u1ee3p c\u1ea3 da \u0111\u1ea7u nh\u1ea1y c\u1ea3m.<\/p>\n","protected":false},"excerpt":{"rendered":"<p>Combo D\u1ea7u G\u1ed9i \u2013 D\u1ea7u X\u1ea3 \u2013 X\u1ecbt D\u01b0\u1ee1ng T\u00f3c T\u1eeb Thi\u00ean Nhi\u00ean \u2013 B\u1ed9 Ba Ph\u1ee5c H\u1ed3i T\u00f3c H\u01b0 T\u1ed5n To\u00e0n Di\u1ec7n 1. Gi\u1edbi thi\u1ec7u combo ch\u0103m s\u00f3c t\u00f3c 3 b\u01b0\u1edbc Combo d\u1ea7u g\u1ed9i \u2013 d\u1ea7u x\u1ea3 \u2013 x\u1ecbt d\u01b0\u1ee1ng l\u00e0 gi\u1ea3i ph\u00e1p ch\u0103m t\u00f3c to\u00e0n di\u1ec7n \u0111\u01b0\u1ee3c nhi\u1ec1u ng\u01b0\u1eddi l\u1ef1a ch\u1ecdn nh\u1edd t\u00ednh [&hellip;]<\/p>\n","protected":false},"featured_media":108,"comment_status":"open","ping_status":"closed","template":"","meta":[],"product_brand":[],"product_cat":[18],"product_tag":[],"class_list":{"0":"post-352","1":"product","2":"type-product","3":"status-publish","4":"has-post-thumbnail","6":"product_cat-chua-phan-loai","8":"first","9":"instock","10":"sale","11":"shipping-taxable","12":"purchasable","13":"product-type-simple"},"_links":{"self":[{"href":"https:\/\/tretrehaircare.top\/index.php\/wp-json\/wp\/v2\/product\/352","targetHints":{"allow":["GET"]}}],"collection":[{"href":"https:\/\/tretrehaircare.top\/index.php\/wp-json\/wp\/v2\/product"}],"about":[{"href":"https:\/\/tretrehaircare.top\/index.php\/wp-json\/wp\/v2\/types\/product"}],"replies":[{"embeddable":true,"href":"https:\/\/tretrehaircare.top\/index.php\/wp-json\/wp\/v2\/comments?post=352"}],"wp:featuredmedia":[{"embeddable":true,"href":"https:\/\/tretrehaircare.top\/index.php\/wp-json\/wp\/v2\/media\/108"}],"wp:attachment":[{"href":"https:\/\/tretrehaircare.top\/index.php\/wp-json\/wp\/v2\/media?parent=352"}],"wp:term":[{"taxonomy":"product_brand","embeddable":true,"href":"https:\/\/tretrehaircare.top\/index.php\/wp-json\/wp\/v2\/product_brand?post=352"},{"taxonomy":"product_cat","embeddable":true,"href":"https:\/\/tretrehaircare.top\/index.php\/wp-json\/wp\/v2\/product_cat?post=352"},{"taxonomy":"product_tag","embeddable":true,"href":"https:\/\/tretrehaircare.top\/index.php\/wp-json\/wp\/v2\/product_tag?post=352"}],"curies":[{"name":"wp","href":"https:\/\/api.w.org\/{rel}","templated":true}]}}