{"id":96,"date":"2025-11-24T09:32:09","date_gmt":"2025-11-24T09:32:09","guid":{"rendered":"https:\/\/tretrehaircare.top\/?post_type=product&#038;p=96"},"modified":"2025-11-24T15:42:58","modified_gmt":"2025-11-24T15:42:58","slug":"tinh-dau-buoi-kich-thich-moc-toc-coconut-cosmetic-100ml","status":"publish","type":"product","link":"https:\/\/tretrehaircare.top\/index.php\/san-pham\/tinh-dau-buoi-kich-thich-moc-toc-coconut-cosmetic-100ml\/","title":{"rendered":"Tinh d\u1ea7u b\u01b0\u1edfi k\u00edch th\u00edch m\u1ecdc t\u00f3c Coconut Cosmetic"},"content":{"rendered":"<h1><b>Tinh d\u1ea7u b\u01b0\u1edfi k\u00edch th\u00edch m\u1ecdc t\u00f3c Coconut Cosmetic \u2013 Ng\u0103n r\u1ee5ng t\u00f3c, m\u1ecdc t\u00f3c nhanh<\/b><\/h1>\n<h2><b>1. Gi\u1edbi thi\u1ec7u v\u1ec1 tinh d\u1ea7u b\u01b0\u1edfi k\u00edch th\u00edch m\u1ecdc t\u00f3c Coconut Cosmetic<\/b><\/h2>\n<p><span style=\"font-weight: 400;\">Tinh d\u1ea7u b\u01b0\u1edfi k\u00edch th\u00edch m\u1ecdc t\u00f3c Coconut Cosmetic l\u00e0 s\u1ea3n ph\u1ea9m ch\u0103m s\u00f3c t\u00f3c thi\u00ean nhi\u00ean \u0111\u1ebfn t\u1eeb B\u1ebfn Tre, h\u1ed7 tr\u1ee3 nu\u00f4i d\u01b0\u1ee1ng m\u00e1i t\u00f3c kh\u1ecfe m\u1ea1nh, gi\u1ea3m r\u1ee5ng t\u00f3c v\u00e0 th\u00fac \u0111\u1ea9y m\u1ecdc t\u00f3c nhanh. S\u1ea3n ph\u1ea9m ph\u00f9 h\u1ee3p cho t\u00f3c y\u1ebfu, t\u00f3c th\u01b0a, t\u00f3c r\u1ee5ng nhi\u1ec1u ho\u1eb7c t\u00f3c h\u01b0 t\u1ed5n do t\u00e1c \u0111\u1ed9ng h\u00f3a ch\u1ea5t.<\/span><\/p>\n<ol start=\"2\">\n<li><b> L\u1ee3i \u00edch c\u1ee7a tinh d\u1ea7u b\u01b0\u1edfi k\u00edch th\u00edch m\u1ecdc t\u00f3c Coconut Cosmetic<\/b><\/li>\n<\/ol>\n<h3><b>D\u01b0\u1ee1ng \u1ea9m v\u00e0 ph\u1ee5c h\u1ed3i t\u00f3c h\u01b0 t\u1ed5n<\/b><\/h3>\n<p><span style=\"font-weight: 400;\">Tinh d\u1ea7u b\u01b0\u1edfi k\u1ebft h\u1ee3p Vitamin B5, E gi\u00fap duy tr\u00ec \u0111\u1ed9 \u1ea9m, ph\u1ee5c h\u1ed3i t\u00f3c kh\u00f4 x\u01a1 v\u00e0 c\u1ea3i thi\u1ec7n c\u1ea5u tr\u00fac t\u00f3c.<\/span><\/p>\n<h3><b>Gi\u1ea3m r\u1ee5ng t\u00f3c r\u00f5 r\u1ec7t<\/b><\/h3>\n<p><span style=\"font-weight: 400;\">Nang t\u00f3c \u0111\u01b0\u1ee3c nu\u00f4i d\u01b0\u1ee1ng kh\u1ecfe m\u1ea1nh, h\u1ed7 tr\u1ee3 gi\u1ea3m r\u1ee5ng t\u00f3c theo t\u1eebng ng\u00e0y.<\/span><\/p>\n<h3><b>K\u00edch th\u00edch m\u1ecdc t\u00f3c nhanh v\u00e0 d\u00e0y<\/b><\/h3>\n<p><span style=\"font-weight: 400;\">S\u1ea3n ph\u1ea9m th\u00fac \u0111\u1ea9y tu\u1ea7n ho\u00e0n da \u0111\u1ea7u, gi\u00fap t\u00f3c m\u1ecdc nhanh v\u00e0 t\u0103ng \u0111\u1ed9 d\u00e0y t\u1ef1 nhi\u00ean.<\/span><\/p>\n<h3><b>L\u00e0m d\u00e0y t\u00f3c, gi\u1ea3m x\u01a1 r\u1ed1i<\/b><\/h3>\n<p><span style=\"font-weight: 400;\">Tinh d\u1ea7u gi\u00fap t\u00e1i t\u1ea1o s\u1ee3i t\u00f3c, mang \u0111\u1ebfn m\u00e1i t\u00f3c b\u1ed3ng b\u1ec1nh, ch\u1eafc kh\u1ecfe.<\/span><\/p>\n<ol start=\"3\">\n<li><b> Th\u00e0nh ph\u1ea7n t\u1ef1 nhi\u00ean an to\u00e0n<\/b><\/li>\n<\/ol>\n<p><span style=\"font-weight: 400;\">S\u1ea3n ph\u1ea9m cam k\u1ebft s\u1eed d\u1ee5ng nguy\u00ean li\u1ec7u t\u1ef1 nhi\u00ean, an to\u00e0n v\u00e0 l\u00e0nh t\u00ednh g\u1ed3m:<\/span><\/p>\n<ul>\n<li style=\"font-weight: 400;\" aria-level=\"1\"><span style=\"font-weight: 400;\">Tinh d\u1ea7u b\u01b0\u1edfi (Hydrozol)<\/span><\/li>\n<li style=\"font-weight: 400;\" aria-level=\"1\"><span style=\"font-weight: 400;\">Tinh d\u1ea7u g\u1eebng<\/span><\/li>\n<li style=\"font-weight: 400;\" aria-level=\"1\"><span style=\"font-weight: 400;\">Chi\u1ebft xu\u1ea5t tr\u00e0 xanh<\/span><\/li>\n<li style=\"font-weight: 400;\" aria-level=\"1\"><span style=\"font-weight: 400;\">Vitamin B5, E<\/span><\/li>\n<li style=\"font-weight: 400;\" aria-level=\"1\"><span style=\"font-weight: 400;\">Vitamin A, C, Omega 3<\/span><\/li>\n<\/ul>\n<p><span style=\"font-weight: 400;\">C\u00f4ng th\u1ee9c nh\u1eb9 d\u1ecbu ph\u00f9 h\u1ee3p c\u1ea3 da \u0111\u1ea7u nh\u1ea1y c\u1ea3m.<\/span><\/p>\n<ol start=\"4\">\n<li><b> C\u00f4ng d\u1ee5ng n\u1ed5i b\u1eadt<\/b><\/li>\n<\/ol>\n<p><b>C\u00f4ng d\u1ee5ng v\u01b0\u1ee3t tr\u1ed9i c\u1ee7a tinh d\u1ea7u b\u01b0\u1edfi k\u00edch th\u00edch m\u1ecdc t\u00f3c Coconut Cosmetic mang \u0111\u1ebfn hi\u1ec7u qu\u1ea3 ch\u0103m s\u00f3c t\u00f3c to\u00e0n di\u1ec7n, ph\u00f9 h\u1ee3p cho m\u1ecdi lo\u1ea1i t\u00f3c.<\/b><\/p>\n<ul>\n<li style=\"font-weight: 400;\" aria-level=\"1\"><span style=\"font-weight: 400;\">Gi\u1ea3m r\u1ee5ng t\u00f3c v\u00e0 ng\u0103n t\u00f3c g\u00e3y y\u1ebfu<\/span><\/li>\n<li style=\"font-weight: 400;\" aria-level=\"1\"><span style=\"font-weight: 400;\">K\u00edch th\u00edch m\u1ecdc t\u00f3c nhanh, m\u1ecdc t\u00f3c d\u00e0y<\/span><\/li>\n<li style=\"font-weight: 400;\" aria-level=\"1\"><span style=\"font-weight: 400;\">Ph\u1ee5c h\u1ed3i t\u00f3c h\u01b0 t\u1ed5n<\/span><\/li>\n<li style=\"font-weight: 400;\" aria-level=\"1\"><span style=\"font-weight: 400;\">Nu\u00f4i d\u01b0\u1ee1ng t\u00f3c m\u1ec1m m\u01b0\u1ee3t, b\u00f3ng kh\u1ecfe<\/span><\/li>\n<li style=\"font-weight: 400;\" aria-level=\"1\"><span style=\"font-weight: 400;\">B\u1ea3o v\u1ec7 t\u00f3c tr\u01b0\u1edbc t\u00e1c \u0111\u1ed9ng m\u00f4i tr\u01b0\u1eddng v\u00e0 tia UV<\/span><span style=\"font-weight: 400;\">\n<p><\/span><\/li>\n<\/ul>\n<ol start=\"5\">\n<li><b> H\u01b0\u1edbng d\u1eabn s\u1eed d\u1ee5ng<\/b><\/li>\n<\/ol>\n<p><b>\u0110\u1ec3 tinh d\u1ea7u b\u01b0\u1edfi k\u00edch th\u00edch m\u1ecdc t\u00f3c Coconut Cosmetic ph\u00e1t huy hi\u1ec7u qu\u1ea3 t\u1ed1i \u0111a, b\u1ea1n n\u00ean s\u1eed d\u1ee5ng \u0111\u00fang c\u00e1ch theo h\u01b0\u1edbng d\u1eabn sau:<\/b><\/p>\n<ul>\n<li style=\"font-weight: 400;\" aria-level=\"1\"><span style=\"font-weight: 400;\">L\u1eafc \u0111\u1ec1u chai tr\u01b0\u1edbc khi s\u1eed d\u1ee5ng<\/span><\/li>\n<li style=\"font-weight: 400;\" aria-level=\"1\"><span style=\"font-weight: 400;\">X\u1ecbt tr\u1ef1c ti\u1ebfp l\u00ean da \u0111\u1ea7u v\u00e0 ch\u00e2n t\u00f3c<\/span><\/li>\n<li style=\"font-weight: 400;\" aria-level=\"1\"><span style=\"font-weight: 400;\">Massage 2\u20133 ph\u00fat \u0111\u1ec3 tinh d\u1ea7u th\u1ea9m th\u1ea5u<\/span><\/li>\n<li style=\"font-weight: 400;\" aria-level=\"1\"><span style=\"font-weight: 400;\">S\u1eed d\u1ee5ng <\/span><b>1\u20132 l\u1ea7n m\u1ed7i ng\u00e0y<\/b><\/li>\n<li style=\"font-weight: 400;\" aria-level=\"1\"><span style=\"font-weight: 400;\">D\u00f9ng li\u00ean t\u1ee5c \u0111\u1ec3 t\u0103ng hi\u1ec7u qu\u1ea3 m\u1ecdc t\u00f3c v\u00e0 gi\u1ea3m r\u1ee5ng t\u00f3c<\/span><\/li>\n<\/ul>\n<ol start=\"6\">\n<li><b> \u0110\u1ed1i t\u01b0\u1ee3ng s\u1eed d\u1ee5ng ph\u00f9 h\u1ee3p<\/b><\/li>\n<\/ol>\n<p><b>Tinh d\u1ea7u b\u01b0\u1edfi k\u00edch th\u00edch m\u1ecdc t\u00f3c Coconut Cosmetic \u0111\u1eb7c bi\u1ec7t ph\u00f9 h\u1ee3p v\u1edbi nh\u1eefng tr\u01b0\u1eddng h\u1ee3p sau:<\/b><\/p>\n<ul>\n<li style=\"font-weight: 400;\" aria-level=\"1\"><span style=\"font-weight: 400;\">Ng\u01b0\u1eddi b\u1ecb r\u1ee5ng t\u00f3c nhi\u1ec1u ho\u1eb7c r\u1ee5ng t\u00f3c sau sinh<\/span><\/li>\n<li style=\"font-weight: 400;\" aria-level=\"1\"><span style=\"font-weight: 400;\">Ng\u01b0\u1eddi c\u00f3 t\u00f3c th\u01b0a, t\u00f3c m\u1ecfng<\/span><\/li>\n<li style=\"font-weight: 400;\" aria-level=\"1\"><span style=\"font-weight: 400;\">Ng\u01b0\u1eddi c\u00f3 ch\u00e2n t\u00f3c y\u1ebfu, d\u1ec5 g\u00e3y r\u1ee5ng<\/span><\/li>\n<li style=\"font-weight: 400;\" aria-level=\"1\"><span style=\"font-weight: 400;\">Ng\u01b0\u1eddi th\u01b0\u1eddng xuy\u00ean u\u1ed1n \u2013 du\u1ed7i \u2013 nhu\u1ed9m<\/span><\/li>\n<li style=\"font-weight: 400;\" aria-level=\"1\"><span style=\"font-weight: 400;\">Ng\u01b0\u1eddi c\u1ea7n <\/span><b>k\u00edch th\u00edch m\u1ecdc t\u00f3c nhanh<\/b><span style=\"font-weight: 400;\"> v\u00e0 ph\u1ee5c h\u1ed3i \u0111\u1ed9 d\u00e0y m\u00e1i t\u00f3c<\/span><\/li>\n<\/ul>\n<h2><b>7. V\u00ec sao n\u00ean ch\u1ecdn tinh d\u1ea7u b\u01b0\u1edfi Coconut Cosmetic t\u1ea1i Tr\u1ebb Tre?<\/b><\/h2>\n<p><b>Tinh d\u1ea7u b\u01b0\u1edfi Coconut Cosmetic t\u1ea1i Tr\u1ebb Tre \u0111\u01b0\u1ee3c kh\u00e1ch h\u00e0ng tin ch\u1ecdn nh\u1edd nh\u1eefng \u0111i\u1ec3m v\u01b0\u1ee3t tr\u1ed9i sau:<\/b><\/p>\n<ul>\n<li style=\"font-weight: 400;\" aria-level=\"1\"><span style=\"font-weight: 400;\">S\u1ea3n ph\u1ea9m <\/span><b>ch\u00ednh h\u00e3ng<\/b><span style=\"font-weight: 400;\">, nh\u1eadp tr\u1ef1c ti\u1ebfp t\u1eeb Coconut Cosmetic<\/span><\/li>\n<li style=\"font-weight: 400;\" aria-level=\"1\"><span style=\"font-weight: 400;\">C\u00f3 <\/span><b>\u0111\u1ea7y \u0111\u1ee7 h\u00f3a \u0111\u01a1n, ch\u1ee9ng t\u1eeb<\/b><span style=\"font-weight: 400;\"> r\u00f5 r\u00e0ng khi mua h\u00e0ng<\/span><\/li>\n<li style=\"font-weight: 400;\" aria-level=\"1\"><span style=\"font-weight: 400;\">\u0110i k\u00e8m <\/span><b>b\u1ea3ng ki\u1ec3m tra ch\u1ea5t l\u01b0\u1ee3ng s\u1ea3n ph\u1ea9m<\/b><span style=\"font-weight: 400;\"> minh b\u1ea1ch<\/span><\/li>\n<li style=\"font-weight: 400;\" aria-level=\"1\"><span style=\"font-weight: 400;\">Chi\u1ebft xu\u1ea5t 100% t\u1eeb thi\u00ean nhi\u00ean, an to\u00e0n cho da \u0111\u1ea7u<\/span><\/li>\n<li style=\"font-weight: 400;\" aria-level=\"1\"><span style=\"font-weight: 400;\">Hi\u1ec7u qu\u1ea3 <\/span><b>gi\u1ea3m r\u1ee5ng t\u00f3c<\/b><span style=\"font-weight: 400;\">, <\/span><b>k\u00edch th\u00edch m\u1ecdc t\u00f3c<\/b><span style=\"font-weight: 400;\">, ph\u1ee5c h\u1ed3i t\u00f3c h\u01b0 t\u1ed5n<\/span><\/li>\n<li style=\"font-weight: 400;\" aria-level=\"1\"><span style=\"font-weight: 400;\">Kh\u00f4ng ch\u1ee9a paraben, kh\u00f4ng g\u00e2y b\u1ebft d\u00ednh<\/span><\/li>\n<li style=\"font-weight: 400;\" aria-level=\"1\"><span style=\"font-weight: 400;\">H\u01b0\u01a1ng b\u01b0\u1edfi nh\u1eb9 d\u1ecbu, d\u1ec5 ch\u1ecbu<\/span><\/li>\n<li style=\"font-weight: 400;\" aria-level=\"1\"><span style=\"font-weight: 400;\">Uy t\u00edn \u2013 b\u1ea3o h\u00e0nh ch\u1ea5t l\u01b0\u1ee3ng \u2013 h\u1ed7 tr\u1ee3 kh\u00e1ch h\u00e0ng t\u1eadn t\u00e2m<\/span><\/li>\n<\/ul>\n<p><b>Th\u00f4ng tin li\u00ean h\u1ec7<\/b><\/p>\n<p><span style=\"font-weight: 400;\">\ud83d\udccc Website: <\/span><b>Tretrecarehair.top<\/b><b><br \/>\n<\/b><span style=\"font-weight: 400;\"> \ud83d\udccc Fanpage:<\/span><a href=\"https:\/\/www.facebook.com\/Tretre.Fanpage\" target=\"_blank\" rel=\"noopener\"> <span style=\"font-weight: 400;\">https:\/\/www.facebook.com\/Tretre.Fanpage<\/span><span style=\"font-weight: 400;\"><br \/>\n<\/span><\/a><span style=\"font-weight: 400;\"> \ud83d\udccc Tiktok:<\/span><a href=\"https:\/\/www.tiktok.com\/@dechevuongquyentretre\" target=\"_blank\" rel=\"noopener\"> <span style=\"font-weight: 400;\">https:\/\/www.tiktok.com\/@dechevuongquyentretre<\/span><span style=\"font-weight: 400;\"><br \/>\n<\/span><\/a><span style=\"font-weight: 400;\"> \ud83d\udcde S\u1ed1 \u0111i\u1ec7n tho\u1ea1i: <\/span><b>0911125371<\/b><b><br \/>\n<\/b><span style=\"font-weight: 400;\"> \ud83d\udc8c Theo d\u00f5i v\u00e0 Inbox ngay \u0111\u1ec3 \u0111\u01b0\u1ee3c t\u01b0 v\u1ea5n v\u00e0 nh\u1eadn \u01b0u \u0111\u00e3i m\u1ed7i ng\u00e0y!<\/span><\/p>\n","protected":false},"excerpt":{"rendered":"<p>Tinh d\u1ea7u b\u01b0\u1edfi k\u00edch th\u00edch m\u1ecdc t\u00f3c Coconut Cosmetic \u2013 Ng\u0103n r\u1ee5ng t\u00f3c, m\u1ecdc t\u00f3c nhanh 1. Gi\u1edbi thi\u1ec7u v\u1ec1 tinh d\u1ea7u b\u01b0\u1edfi k\u00edch th\u00edch m\u1ecdc t\u00f3c Coconut Cosmetic Tinh d\u1ea7u b\u01b0\u1edfi k\u00edch th\u00edch m\u1ecdc t\u00f3c Coconut Cosmetic l\u00e0 s\u1ea3n ph\u1ea9m ch\u0103m s\u00f3c t\u00f3c thi\u00ean nhi\u00ean \u0111\u1ebfn t\u1eeb B\u1ebfn Tre, h\u1ed7 tr\u1ee3 nu\u00f4i d\u01b0\u1ee1ng m\u00e1i [&hellip;]<\/p>\n","protected":false},"featured_media":99,"comment_status":"open","ping_status":"closed","template":"","meta":[],"product_brand":[],"product_cat":[18],"product_tag":[],"class_list":{"0":"post-96","1":"product","2":"type-product","3":"status-publish","4":"has-post-thumbnail","6":"product_cat-chua-phan-loai","8":"first","9":"instock","10":"sale","11":"shipping-taxable","12":"purchasable","13":"product-type-simple"},"_links":{"self":[{"href":"https:\/\/tretrehaircare.top\/index.php\/wp-json\/wp\/v2\/product\/96","targetHints":{"allow":["GET"]}}],"collection":[{"href":"https:\/\/tretrehaircare.top\/index.php\/wp-json\/wp\/v2\/product"}],"about":[{"href":"https:\/\/tretrehaircare.top\/index.php\/wp-json\/wp\/v2\/types\/product"}],"replies":[{"embeddable":true,"href":"https:\/\/tretrehaircare.top\/index.php\/wp-json\/wp\/v2\/comments?post=96"}],"wp:featuredmedia":[{"embeddable":true,"href":"https:\/\/tretrehaircare.top\/index.php\/wp-json\/wp\/v2\/media\/99"}],"wp:attachment":[{"href":"https:\/\/tretrehaircare.top\/index.php\/wp-json\/wp\/v2\/media?parent=96"}],"wp:term":[{"taxonomy":"product_brand","embeddable":true,"href":"https:\/\/tretrehaircare.top\/index.php\/wp-json\/wp\/v2\/product_brand?post=96"},{"taxonomy":"product_cat","embeddable":true,"href":"https:\/\/tretrehaircare.top\/index.php\/wp-json\/wp\/v2\/product_cat?post=96"},{"taxonomy":"product_tag","embeddable":true,"href":"https:\/\/tretrehaircare.top\/index.php\/wp-json\/wp\/v2\/product_tag?post=96"}],"curies":[{"name":"wp","href":"https:\/\/api.w.org\/{rel}","templated":true}]}}